{"id":22485,"date":"2023-04-26T08:44:55","date_gmt":"2023-04-26T08:44:55","guid":{"rendered":"https:\/\/ucopia.weblib-test.com\/?page_id=22485"},"modified":"2024-08-23T07:48:33","modified_gmt":"2024-08-23T07:48:33","slug":"partnerbereich","status":"publish","type":"page","link":"https:\/\/ucopia.weblib-test.com\/de\/partnerbereich\/","title":{"rendered":"Partnerbereich"},"content":{"rendered":"[vc_row type=&#8220;in_container&#8220; full_screen_row_position=&#8220;middle&#8220; column_margin=&#8220;default&#8220; column_direction=&#8220;default&#8220; column_direction_tablet=&#8220;default&#8220; column_direction_phone=&#8220;default&#8220; scene_position=&#8220;center&#8220; top_padding=&#8220;5%&#8220; text_color=&#8220;dark&#8220; text_align=&#8220;left&#8220; row_border_radius=&#8220;none&#8220; row_border_radius_applies=&#8220;bg&#8220; overflow=&#8220;visible&#8220; overlay_strength=&#8220;0.3&#8243; gradient_direction=&#8220;left_to_right&#8220; shape_divider_position=&#8220;bottom&#8220; bg_image_animation=&#8220;none&#8220; shape_type=&#8220;&#8220;][vc_column column_padding=&#8220;padding-8-percent&#8220; column_padding_tablet=&#8220;inherit&#8220; column_padding_phone=&#8220;inherit&#8220; column_padding_position=&#8220;right&#8220; column_element_direction_desktop=&#8220;default&#8220; column_element_spacing=&#8220;default&#8220; desktop_text_alignment=&#8220;default&#8220; tablet_text_alignment=&#8220;default&#8220; phone_text_alignment=&#8220;default&#8220; background_color_opacity=&#8220;1&#8243; background_hover_color_opacity=&#8220;1&#8243; column_backdrop_filter=&#8220;none&#8220; column_shadow=&#8220;none&#8220; column_border_radius=&#8220;none&#8220; column_link_target=&#8220;_self&#8220; column_position=&#8220;default&#8220; gradient_direction=&#8220;left_to_right&#8220; overlay_strength=&#8220;0.3&#8243; width=&#8220;1\/2&#8243; tablet_width_inherit=&#8220;default&#8220; animation_type=&#8220;default&#8220; bg_image_animation=&#8220;none&#8220; border_type=&#8220;simple&#8220; column_border_width=&#8220;none&#8220; column_border_style=&#8220;solid&#8220;][image_with_animation image_url=&#8220;24550&#8243; image_size=&#8220;full&#8220; animation_type=&#8220;entrance&#8220; animation=&#8220;Fade In&#8220; animation_easing=&#8220;default&#8220; animation_movement_type=&#8220;transform_y&#8220; hover_animation=&#8220;none&#8220; alignment=&#8220;&#8220; border_radius=&#8220;none&#8220; box_shadow=&#8220;none&#8220; image_loading=&#8220;default&#8220; max_width=&#8220;100%&#8220; max_width_mobile=&#8220;default&#8220;][\/vc_column][vc_column column_padding=&#8220;padding-3-percent&#8220; column_padding_tablet=&#8220;inherit&#8220; column_padding_phone=&#8220;inherit&#8220; column_padding_position=&#8220;all&#8220; column_element_direction_desktop=&#8220;default&#8220; column_element_spacing=&#8220;default&#8220; desktop_text_alignment=&#8220;default&#8220; tablet_text_alignment=&#8220;default&#8220; phone_text_alignment=&#8220;center&#8220; background_color_opacity=&#8220;1&#8243; background_hover_color_opacity=&#8220;1&#8243; column_backdrop_filter=&#8220;none&#8220; column_shadow=&#8220;none&#8220; column_border_radius=&#8220;none&#8220; column_link_target=&#8220;_self&#8220; column_position=&#8220;default&#8220; gradient_direction=&#8220;left_to_right&#8220; overlay_strength=&#8220;0.3&#8243; width=&#8220;1\/2&#8243; tablet_width_inherit=&#8220;default&#8220; animation_type=&#8220;default&#8220; bg_image_animation=&#8220;none&#8220; border_type=&#8220;simple&#8220; column_border_width=&#8220;none&#8220; column_border_style=&#8220;solid&#8220;][divider line_type=&#8220;No Line&#8220; custom_height=&#8220;2%&#8220;][vc_column_text]\n<h2>Greifen Sie auf Ihr Ucopia-Tool zu<\/h2>\n[\/vc_column_text][vc_column_text css=&#8220;.vc_custom_1694158735619{padding-bottom: 4% !important;}&#8220;]Konfigurieren und \u00fcberwachen Sie Ihre verschiedenen Ucopia-L\u00f6sungen[\/vc_column_text][nectar_btn size=&#8220;jumbo&#8220; open_new_tab=&#8220;true&#8220; button_style=&#8220;regular&#8220; button_color_2=&#8220;Extra-Color-1&#8243; icon_family=&#8220;none&#8220; url=&#8220;https:\/\/uws.ucopia.com\/admin\/&#8220; text=&#8220;Sich anmelden&#8220;][\/vc_column][\/vc_row][vc_row type=&#8220;in_container&#8220; full_screen_row_position=&#8220;middle&#8220; column_margin=&#8220;default&#8220; equal_height=&#8220;yes&#8220; content_placement=&#8220;middle&#8220; column_direction=&#8220;default&#8220; column_direction_tablet=&#8220;default&#8220; column_direction_phone=&#8220;default&#8220; scene_position=&#8220;center&#8220; top_padding=&#8220;5%&#8220; text_color=&#8220;dark&#8220; text_align=&#8220;left&#8220; row_border_radius=&#8220;none&#8220; row_border_radius_applies=&#8220;bg&#8220; overflow=&#8220;visible&#8220; overlay_strength=&#8220;0.3&#8243; gradient_direction=&#8220;left_to_right&#8220; shape_divider_position=&#8220;bottom&#8220; bg_image_animation=&#8220;none&#8220; shape_type=&#8220;&#8220;][vc_column column_padding=&#8220;padding-3-percent&#8220; column_padding_tablet=&#8220;inherit&#8220; column_padding_phone=&#8220;inherit&#8220; column_padding_position=&#8220;all&#8220; column_element_direction_desktop=&#8220;default&#8220; column_element_spacing=&#8220;default&#8220; desktop_text_alignment=&#8220;default&#8220; tablet_text_alignment=&#8220;default&#8220; phone_text_alignment=&#8220;center&#8220; background_color_opacity=&#8220;1&#8243; background_hover_color_opacity=&#8220;1&#8243; column_backdrop_filter=&#8220;none&#8220; column_shadow=&#8220;none&#8220; column_border_radius=&#8220;none&#8220; column_link_target=&#8220;_self&#8220; column_position=&#8220;default&#8220; gradient_direction=&#8220;left_to_right&#8220; overlay_strength=&#8220;0.3&#8243; width=&#8220;1\/2&#8243; tablet_width_inherit=&#8220;default&#8220; animation_type=&#8220;default&#8220; bg_image_animation=&#8220;none&#8220; border_type=&#8220;simple&#8220; column_border_width=&#8220;none&#8220; column_border_style=&#8220;solid&#8220;][vc_column_text]\n<h2>Zugang zum Partnerportal<\/h2>\n[\/vc_column_text][vc_column_text css=&#8220;.vc_custom_1692273312892{padding-bottom: 4% !important;}&#8220;]Zugang zu Ihrem Bereich im Partnerportal, dem zentralen Bereich mit Ihren M\u00f6glichkeiten und der gesamten Dokumentation rund um Ucopia und die anderen L\u00f6sungen der Weblib-Gruppe.[\/vc_column_text][nectar_btn size=&#8220;jumbo&#8220; open_new_tab=&#8220;true&#8220; button_style=&#8220;regular&#8220; button_color_2=&#8220;Extra-Color-1&#8243; icon_family=&#8220;none&#8220; url=&#8220;https:\/\/weblib.my.site.com\/PartnerCommunity&#8220; text=&#8220;Sich anmelden&#8220;][\/vc_column][vc_column column_padding=&#8220;no-extra-padding&#8220; column_padding_tablet=&#8220;inherit&#8220; column_padding_phone=&#8220;inherit&#8220; column_padding_position=&#8220;left&#8220; column_element_direction_desktop=&#8220;default&#8220; column_element_spacing=&#8220;default&#8220; desktop_text_alignment=&#8220;default&#8220; tablet_text_alignment=&#8220;default&#8220; phone_text_alignment=&#8220;default&#8220; background_color_opacity=&#8220;1&#8243; background_hover_color_opacity=&#8220;1&#8243; column_backdrop_filter=&#8220;none&#8220; column_shadow=&#8220;none&#8220; column_border_radius=&#8220;none&#8220; column_link_target=&#8220;_self&#8220; column_position=&#8220;default&#8220; gradient_direction=&#8220;left_to_right&#8220; overlay_strength=&#8220;0.3&#8243; width=&#8220;1\/2&#8243; tablet_width_inherit=&#8220;default&#8220; animation_type=&#8220;default&#8220; bg_image_animation=&#8220;none&#8220; border_type=&#8220;simple&#8220; column_border_width=&#8220;none&#8220; column_border_style=&#8220;solid&#8220;][divider line_type=&#8220;No Line&#8220; custom_height=&#8220;2%&#8220;][image_with_animation image_url=&#8220;23404&#8243; image_size=&#8220;full&#8220; animation_type=&#8220;entrance&#8220; animation=&#8220;Fade In&#8220; animation_easing=&#8220;default&#8220; animation_movement_type=&#8220;transform_y&#8220; hover_animation=&#8220;none&#8220; alignment=&#8220;center&#8220; border_radius=&#8220;none&#8220; box_shadow=&#8220;none&#8220; image_loading=&#8220;default&#8220; max_width=&#8220;100%&#8220; max_width_mobile=&#8220;default&#8220;][divider line_type=&#8220;No Line&#8220; custom_height=&#8220;2%&#8220;][\/vc_column][\/vc_row][vc_row type=&#8220;in_container&#8220; full_screen_row_position=&#8220;middle&#8220; column_margin=&#8220;default&#8220; column_direction=&#8220;default&#8220; column_direction_tablet=&#8220;default&#8220; column_direction_phone=&#8220;default&#8220; scene_position=&#8220;center&#8220; bottom_padding=&#8220;10%&#8220; text_color=&#8220;dark&#8220; text_align=&#8220;left&#8220; row_border_radius=&#8220;none&#8220; row_border_radius_applies=&#8220;bg&#8220; overflow=&#8220;visible&#8220; overlay_strength=&#8220;0.3&#8243; gradient_direction=&#8220;left_to_right&#8220; shape_divider_position=&#8220;bottom&#8220; bg_image_animation=&#8220;none&#8220; shape_type=&#8220;&#8220;][vc_column column_padding=&#8220;padding-3-percent&#8220; column_padding_tablet=&#8220;inherit&#8220; column_padding_phone=&#8220;inherit&#8220; column_padding_position=&#8220;all&#8220; column_element_direction_desktop=&#8220;default&#8220; column_element_spacing=&#8220;default&#8220; desktop_text_alignment=&#8220;default&#8220; tablet_text_alignment=&#8220;default&#8220; phone_text_alignment=&#8220;default&#8220; background_color_opacity=&#8220;1&#8243; background_hover_color_opacity=&#8220;1&#8243; column_backdrop_filter=&#8220;none&#8220; column_shadow=&#8220;none&#8220; column_border_radius=&#8220;none&#8220; column_link_target=&#8220;_self&#8220; column_position=&#8220;default&#8220; gradient_direction=&#8220;left_to_right&#8220; overlay_strength=&#8220;0.3&#8243; width=&#8220;1\/1&#8243; tablet_width_inherit=&#8220;default&#8220; animation_type=&#8220;default&#8220; bg_image_animation=&#8220;none&#8220; border_type=&#8220;simple&#8220; column_border_width=&#8220;none&#8220; column_border_style=&#8220;solid&#8220;][divider line_type=&#8220;No Line&#8220;][divider line_type=&#8220;Small Line&#8220; line_alignment=&#8220;default&#8220; line_thickness=&#8220;3&#8243; divider_color=&#8220;extra-color-1&#8243;][vc_column_text]\n<h2>Noch kein Partner?<\/h2>\n[\/vc_column_text][vc_column_text css=&#8220;.vc_custom_1692273549032{padding-bottom: 4% !important;}&#8220;]M\u00f6chten Sie Wiederverk\u00e4ufer, Vertriebspartner oder Technologiepartner von Ucopia oder einer anderen L\u00f6sung der Weblib-Gruppe werden? Das komplett neu gestaltete Weblib-Partnerprogramm wurde entwickelt, um Ihre Ums\u00e4tze zu steigern, Ihr Gesch\u00e4ftsmodell zu unterst\u00fctzen und die Kommunikation zu erleichtern.[\/vc_column_text][nectar_btn size=&#8220;jumbo&#8220; button_style=&#8220;regular&#8220; button_color_2=&#8220;Accent-Color&#8220; icon_family=&#8220;none&#8220; url=&#8220;https:\/\/ucopia.weblib-test.com\/de\/partner-werden\/&#8220; text=&#8220;Partner werden&#8220;][\/vc_column][\/vc_row][vc_row type=&#8220;full_width_background&#8220; full_screen_row_position=&#8220;middle&#8220; column_margin=&#8220;default&#8220; column_direction=&#8220;default&#8220; column_direction_tablet=&#8220;default&#8220; column_direction_phone=&#8220;default&#8220; bg_image=&#8220;21936&#8243; bg_position=&#8220;center center&#8220; background_image_loading=&#8220;default&#8220; bg_repeat=&#8220;no-repeat&#8220; scene_position=&#8220;center&#8220; text_color=&#8220;light&#8220; text_align=&#8220;left&#8220; row_border_radius=&#8220;none&#8220; row_border_radius_applies=&#8220;bg&#8220; overflow=&#8220;visible&#8220; enable_gradient=&#8220;true&#8220; color_overlay=&#8220;#001a47&#8243; overlay_strength=&#8220;0.8&#8243; gradient_direction=&#8220;left_to_right&#8220; shape_divider_position=&#8220;bottom&#8220; bg_image_animation=&#8220;none&#8220; shape_type=&#8220;&#8220;][vc_column column_padding=&#8220;padding-6-percent&#8220; column_padding_tablet=&#8220;inherit&#8220; column_padding_phone=&#8220;inherit&#8220; column_padding_position=&#8220;all&#8220; top_margin=&#8220;25&#8243; bottom_margin=&#8220;25&#8243; column_element_direction_desktop=&#8220;default&#8220; column_element_spacing=&#8220;default&#8220; centered_text=&#8220;true&#8220; desktop_text_alignment=&#8220;default&#8220; tablet_text_alignment=&#8220;default&#8220; phone_text_alignment=&#8220;default&#8220; background_color_opacity=&#8220;1&#8243; background_hover_color_opacity=&#8220;1&#8243; column_backdrop_filter=&#8220;none&#8220; column_shadow=&#8220;none&#8220; column_border_radius=&#8220;none&#8220; column_link_target=&#8220;_self&#8220; column_position=&#8220;default&#8220; gradient_direction=&#8220;left_to_right&#8220; overlay_strength=&#8220;0.3&#8243; width=&#8220;1\/1&#8243; tablet_width_inherit=&#8220;default&#8220; animation_type=&#8220;default&#8220; bg_image_animation=&#8220;none&#8220; border_type=&#8220;simple&#8220; column_border_width=&#8220;none&#8220; column_border_style=&#8220;solid&#8220; column_padding_type=&#8220;default&#8220; gradient_type=&#8220;default&#8220;][vc_column_text]\n<h2>Alle Tools der Weblib-Gruppe<\/h2>\n[\/vc_column_text][vc_column_text css=&#8220;.vc_custom_1692273639743{padding-right: 6% !important;padding-bottom: 4% !important;padding-left: 6% !important;}&#8220;]\n<p style=\"text-align: center;\">Hier finden Sie alle Tools der Weblib-Gruppe wie &#8222;Control Tower&#8220; oder &#8222;Smilein Studio&#8220;, aber auch alle oben erw\u00e4hnten Ucopia-Tools. Greifen Sie schnell auf die verschiedenen Login-Schnittstellen zu, um zu Ihrem pers\u00f6nlichen Bereich zu gelangen &#8211; und das alles von einer einzigen Seite aus.<\/p>\n[\/vc_column_text][nectar_btn size=&#8220;large&#8220; open_new_tab=&#8220;true&#8220; button_style=&#8220;regular&#8220; button_color_2=&#8220;Extra-Color-1&#8243; icon_family=&#8220;none&#8220; url=&#8220;https:\/\/weblib.com\/de\/sich-uns-anschliessen\/&#8220; text=&#8220;Zugang zu anderen Weblib-Tools&#8220;][\/vc_column][\/vc_row]\n","protected":false},"excerpt":{"rendered":"<p>[vc_row type=&#8220;in_container&#8220; full_screen_row_position=&#8220;middle&#8220; column_margin=&#8220;default&#8220; column_direction=&#8220;default&#8220; column_direction_tablet=&#8220;default&#8220; column_direction_phone=&#8220;default&#8220; scene_position=&#8220;center&#8220; top_padding=&#8220;5%&#8220; text_color=&#8220;dark&#8220; text_align=&#8220;left&#8220; row_border_radius=&#8220;none&#8220; row_border_radius_applies=&#8220;bg&#8220; overflow=&#8220;visible&#8220; overlay_strength=&#8220;0.3&#8243; gradient_direction=&#8220;left_to_right&#8220; shape_divider_position=&#8220;bottom&#8220; bg_image_animation=&#8220;none&#8220; shape_type=&#8220;&#8220;][vc_column column_padding=&#8220;padding-8-percent&#8220; column_padding_tablet=&#8220;inherit&#8220; column_padding_phone=&#8220;inherit&#8220; column_padding_position=&#8220;right&#8220; column_element_direction_desktop=&#8220;default&#8220; column_element_spacing=&#8220;default&#8220; desktop_text_alignment=&#8220;default&#8220; tablet_text_alignment=&#8220;default&#8220; phone_text_alignment=&#8220;default&#8220; background_color_opacity=&#8220;1&#8243; background_hover_color_opacity=&#8220;1&#8243;&#8230;<\/p>\n","protected":false},"author":42,"featured_media":24310,"parent":0,"menu_order":0,"comment_status":"closed","ping_status":"closed","template":"","meta":{"footnotes":""},"class_list":["post-22485","page","type-page","status-publish","has-post-thumbnail"],"yoast_head":"<!-- This site is optimized with the Yoast SEO Premium plugin v22.6 (Yoast SEO v23.4) - https:\/\/yoast.com\/wordpress\/plugins\/seo\/ -->\n<title>Ucopia | Loggen Sie sich in Ihren Partnerbereich ein<\/title>\n<meta name=\"description\" content=\"Melden Sie sich an und erhalten Sie schnellen Zugang zu Ihrem speziellen Ucopia-Partnerbereich, um alle Ihre Informationen zu finden, neue Antr\u00e4ge zu stellen...\" \/>\n<meta name=\"robots\" content=\"index, follow, max-snippet:-1, max-image-preview:large, max-video-preview:-1\" \/>\n<link rel=\"canonical\" href=\"https:\/\/ucopia.weblib-test.com\/de\/partnerbereich\/\" \/>\n<meta property=\"og:locale\" content=\"de_DE\" \/>\n<meta property=\"og:type\" content=\"article\" \/>\n<meta property=\"og:title\" content=\"Ucopia | Loggen Sie sich in Ihren Partnerbereich ein\" \/>\n<meta property=\"og:description\" content=\"Melden Sie sich an und erhalten Sie schnellen Zugang zu Ihrem speziellen Ucopia-Partnerbereich, um alle Ihre Informationen zu finden, neue Antr\u00e4ge zu stellen...\" \/>\n<meta property=\"og:url\" content=\"https:\/\/ucopia.weblib-test.com\/de\/partnerbereich\/\" \/>\n<meta property=\"og:site_name\" content=\"UCOPIA - Weblib group\" \/>\n<meta property=\"article:publisher\" content=\"https:\/\/www.facebook.com\/pages\/UCOPIA-Communications\/161858070496523\" \/>\n<meta property=\"article:modified_time\" content=\"2024-08-23T07:48:33+00:00\" \/>\n<meta property=\"og:image\" content=\"https:\/\/ucopia.weblib-test.com\/wp-content\/uploads\/2023\/08\/Groupe-175.png\" \/>\n\t<meta property=\"og:image:width\" content=\"1920\" \/>\n\t<meta property=\"og:image:height\" content=\"1052\" \/>\n\t<meta property=\"og:image:type\" content=\"image\/png\" \/>\n<meta name=\"twitter:card\" content=\"summary_large_image\" \/>\n<meta name=\"twitter:title\" content=\"Ucopia | Loggen Sie sich in Ihren Partnerbereich ein\" \/>\n<meta name=\"twitter:description\" content=\"Melden Sie sich an und erhalten Sie schnellen Zugang zu Ihrem speziellen Ucopia-Partnerbereich, um alle Ihre Informationen zu finden, neue Antr\u00e4ge zu stellen...\" \/>\n<meta name=\"twitter:site\" content=\"@UcopiaCom\" \/>\n<meta name=\"twitter:label1\" content=\"Gesch\u00e4tzte Lesezeit\" \/>\n\t<meta name=\"twitter:data1\" content=\"7\u00a0Minuten\" \/>\n<script type=\"application\/ld+json\" class=\"yoast-schema-graph\">{\"@context\":\"https:\/\/schema.org\",\"@graph\":[{\"@type\":\"WebPage\",\"@id\":\"https:\/\/ucopia.weblib-test.com\/de\/partnerbereich\/\",\"url\":\"https:\/\/ucopia.weblib-test.com\/de\/partnerbereich\/\",\"name\":\"Ucopia | Loggen Sie sich in Ihren Partnerbereich ein\",\"isPartOf\":{\"@id\":\"https:\/\/ucopia.weblib-test.com\/#website\"},\"primaryImageOfPage\":{\"@id\":\"https:\/\/ucopia.weblib-test.com\/de\/partnerbereich\/#primaryimage\"},\"image\":{\"@id\":\"https:\/\/ucopia.weblib-test.com\/de\/partnerbereich\/#primaryimage\"},\"thumbnailUrl\":\"https:\/\/ucopia.weblib-test.com\/wp-content\/uploads\/2023\/08\/Groupe-175.png\",\"datePublished\":\"2023-04-26T08:44:55+00:00\",\"dateModified\":\"2024-08-23T07:48:33+00:00\",\"description\":\"Melden Sie sich an und erhalten Sie schnellen Zugang zu Ihrem speziellen Ucopia-Partnerbereich, um alle Ihre Informationen zu finden, neue Antr\u00e4ge zu stellen...\",\"breadcrumb\":{\"@id\":\"https:\/\/ucopia.weblib-test.com\/de\/partnerbereich\/#breadcrumb\"},\"inLanguage\":\"de\",\"potentialAction\":[{\"@type\":\"ReadAction\",\"target\":[\"https:\/\/ucopia.weblib-test.com\/de\/partnerbereich\/\"]}]},{\"@type\":\"ImageObject\",\"inLanguage\":\"de\",\"@id\":\"https:\/\/ucopia.weblib-test.com\/de\/partnerbereich\/#primaryimage\",\"url\":\"https:\/\/ucopia.weblib-test.com\/wp-content\/uploads\/2023\/08\/Groupe-175.png\",\"contentUrl\":\"https:\/\/ucopia.weblib-test.com\/wp-content\/uploads\/2023\/08\/Groupe-175.png\",\"width\":1920,\"height\":1052,\"caption\":\"les serveurs ucopia pour la gestion d'acc\u00e8s wifi haute performance et s\u00e9curis\u00e9\"},{\"@type\":\"BreadcrumbList\",\"@id\":\"https:\/\/ucopia.weblib-test.com\/de\/partnerbereich\/#breadcrumb\",\"itemListElement\":[{\"@type\":\"ListItem\",\"position\":1,\"name\":\"Startseite\",\"item\":\"https:\/\/ucopia.weblib-test.com\/de\/startseite\/\"},{\"@type\":\"ListItem\",\"position\":2,\"name\":\"Partnerbereich\"}]},{\"@type\":\"WebSite\",\"@id\":\"https:\/\/ucopia.weblib-test.com\/#website\",\"url\":\"https:\/\/ucopia.weblib-test.com\/\",\"name\":\"UCOPIA - Weblib group\",\"description\":\"Turn your wi-fi up!\",\"potentialAction\":[{\"@type\":\"SearchAction\",\"target\":{\"@type\":\"EntryPoint\",\"urlTemplate\":\"https:\/\/ucopia.weblib-test.com\/?s={search_term_string}\"},\"query-input\":{\"@type\":\"PropertyValueSpecification\",\"valueRequired\":true,\"valueName\":\"search_term_string\"}}],\"inLanguage\":\"de\"}]}<\/script>\n<!-- \/ Yoast SEO Premium plugin. -->","yoast_head_json":{"title":"Ucopia | Loggen Sie sich in Ihren Partnerbereich ein","description":"Melden Sie sich an und erhalten Sie schnellen Zugang zu Ihrem speziellen Ucopia-Partnerbereich, um alle Ihre Informationen zu finden, neue Antr\u00e4ge zu stellen...","robots":{"index":"index","follow":"follow","max-snippet":"max-snippet:-1","max-image-preview":"max-image-preview:large","max-video-preview":"max-video-preview:-1"},"canonical":"https:\/\/ucopia.weblib-test.com\/de\/partnerbereich\/","og_locale":"de_DE","og_type":"article","og_title":"Ucopia | Loggen Sie sich in Ihren Partnerbereich ein","og_description":"Melden Sie sich an und erhalten Sie schnellen Zugang zu Ihrem speziellen Ucopia-Partnerbereich, um alle Ihre Informationen zu finden, neue Antr\u00e4ge zu stellen...","og_url":"https:\/\/ucopia.weblib-test.com\/de\/partnerbereich\/","og_site_name":"UCOPIA - Weblib group","article_publisher":"https:\/\/www.facebook.com\/pages\/UCOPIA-Communications\/161858070496523","article_modified_time":"2024-08-23T07:48:33+00:00","og_image":[{"width":1920,"height":1052,"url":"https:\/\/ucopia.weblib-test.com\/wp-content\/uploads\/2023\/08\/Groupe-175.png","type":"image\/png"}],"twitter_card":"summary_large_image","twitter_title":"Ucopia | Loggen Sie sich in Ihren Partnerbereich ein","twitter_description":"Melden Sie sich an und erhalten Sie schnellen Zugang zu Ihrem speziellen Ucopia-Partnerbereich, um alle Ihre Informationen zu finden, neue Antr\u00e4ge zu stellen...","twitter_site":"@UcopiaCom","twitter_misc":{"Gesch\u00e4tzte Lesezeit":"7\u00a0Minuten"},"schema":{"@context":"https:\/\/schema.org","@graph":[{"@type":"WebPage","@id":"https:\/\/ucopia.weblib-test.com\/de\/partnerbereich\/","url":"https:\/\/ucopia.weblib-test.com\/de\/partnerbereich\/","name":"Ucopia | Loggen Sie sich in Ihren Partnerbereich ein","isPartOf":{"@id":"https:\/\/ucopia.weblib-test.com\/#website"},"primaryImageOfPage":{"@id":"https:\/\/ucopia.weblib-test.com\/de\/partnerbereich\/#primaryimage"},"image":{"@id":"https:\/\/ucopia.weblib-test.com\/de\/partnerbereich\/#primaryimage"},"thumbnailUrl":"https:\/\/ucopia.weblib-test.com\/wp-content\/uploads\/2023\/08\/Groupe-175.png","datePublished":"2023-04-26T08:44:55+00:00","dateModified":"2024-08-23T07:48:33+00:00","description":"Melden Sie sich an und erhalten Sie schnellen Zugang zu Ihrem speziellen Ucopia-Partnerbereich, um alle Ihre Informationen zu finden, neue Antr\u00e4ge zu stellen...","breadcrumb":{"@id":"https:\/\/ucopia.weblib-test.com\/de\/partnerbereich\/#breadcrumb"},"inLanguage":"de","potentialAction":[{"@type":"ReadAction","target":["https:\/\/ucopia.weblib-test.com\/de\/partnerbereich\/"]}]},{"@type":"ImageObject","inLanguage":"de","@id":"https:\/\/ucopia.weblib-test.com\/de\/partnerbereich\/#primaryimage","url":"https:\/\/ucopia.weblib-test.com\/wp-content\/uploads\/2023\/08\/Groupe-175.png","contentUrl":"https:\/\/ucopia.weblib-test.com\/wp-content\/uploads\/2023\/08\/Groupe-175.png","width":1920,"height":1052,"caption":"les serveurs ucopia pour la gestion d'acc\u00e8s wifi haute performance et s\u00e9curis\u00e9"},{"@type":"BreadcrumbList","@id":"https:\/\/ucopia.weblib-test.com\/de\/partnerbereich\/#breadcrumb","itemListElement":[{"@type":"ListItem","position":1,"name":"Startseite","item":"https:\/\/ucopia.weblib-test.com\/de\/startseite\/"},{"@type":"ListItem","position":2,"name":"Partnerbereich"}]},{"@type":"WebSite","@id":"https:\/\/ucopia.weblib-test.com\/#website","url":"https:\/\/ucopia.weblib-test.com\/","name":"UCOPIA - Weblib group","description":"Turn your wi-fi up!","potentialAction":[{"@type":"SearchAction","target":{"@type":"EntryPoint","urlTemplate":"https:\/\/ucopia.weblib-test.com\/?s={search_term_string}"},"query-input":{"@type":"PropertyValueSpecification","valueRequired":true,"valueName":"search_term_string"}}],"inLanguage":"de"}]}},"_links":{"self":[{"href":"https:\/\/ucopia.weblib-test.com\/de\/wp-json\/wp\/v2\/pages\/22485"}],"collection":[{"href":"https:\/\/ucopia.weblib-test.com\/de\/wp-json\/wp\/v2\/pages"}],"about":[{"href":"https:\/\/ucopia.weblib-test.com\/de\/wp-json\/wp\/v2\/types\/page"}],"author":[{"embeddable":true,"href":"https:\/\/ucopia.weblib-test.com\/de\/wp-json\/wp\/v2\/users\/42"}],"replies":[{"embeddable":true,"href":"https:\/\/ucopia.weblib-test.com\/de\/wp-json\/wp\/v2\/comments?post=22485"}],"version-history":[{"count":21,"href":"https:\/\/ucopia.weblib-test.com\/de\/wp-json\/wp\/v2\/pages\/22485\/revisions"}],"predecessor-version":[{"id":26997,"href":"https:\/\/ucopia.weblib-test.com\/de\/wp-json\/wp\/v2\/pages\/22485\/revisions\/26997"}],"wp:featuredmedia":[{"embeddable":true,"href":"https:\/\/ucopia.weblib-test.com\/de\/wp-json\/wp\/v2\/media\/24310"}],"wp:attachment":[{"href":"https:\/\/ucopia.weblib-test.com\/de\/wp-json\/wp\/v2\/media?parent=22485"}],"curies":[{"name":"wp","href":"https:\/\/api.w.org\/{rel}","templated":true}]}}