{"id":20389,"date":"2019-06-18T07:34:03","date_gmt":"2019-06-18T07:34:03","guid":{"rendered":"https:\/\/ucopia.weblib-test.com\/impressum-ucopia\/"},"modified":"2023-07-07T08:33:50","modified_gmt":"2023-07-07T08:33:50","slug":"impressum-ucopia","status":"publish","type":"page","link":"https:\/\/ucopia.weblib-test.com\/de\/impressum-ucopia\/","title":{"rendered":"Impressum  UCOPIA"},"content":{"rendered":"[vc_row type=&#8220;in_container&#8220; full_screen_row_position=&#8220;middle&#8220; scene_position=&#8220;center&#8220; text_color=&#8220;dark&#8220; text_align=&#8220;left&#8220; top_padding=&#8220;4%&#8220; overlay_strength=&#8220;0.3&#8243; shape_divider_position=&#8220;bottom&#8220; bg_image_animation=&#8220;none&#8220; shape_type=&#8220;&#8220;][vc_column column_padding=&#8220;no-extra-padding&#8220; column_padding_position=&#8220;all&#8220; background_color_opacity=&#8220;1&#8243; background_hover_color_opacity=&#8220;1&#8243; column_link_target=&#8220;_self&#8220; column_shadow=&#8220;none&#8220; column_border_radius=&#8220;none&#8220; width=&#8220;1\/1&#8243; tablet_width_inherit=&#8220;default&#8220; tablet_text_alignment=&#8220;default&#8220; phone_text_alignment=&#8220;default&#8220; column_border_width=&#8220;none&#8220; column_border_style=&#8220;solid&#8220; bg_image_animation=&#8220;none&#8220;][vc_column_text]\n<h2>VORWORT<\/h2>\n<p>Vorbehaltlich anderslautender Bestimmungen gelten die folgenden rechtlichen Hinweise f\u00fcr Ihre Nutzung und Navigation auf den verschiedenen von der Gesellschaft WEBLIB herausgegebenen Websites, die insbesondere die Website <a href=\"https:\/\/weblib.com\/\">https:\/\/weblib.com\/<\/a> sowie die Websites <a href=\"https:\/\/ucopia.weblib-test.com\/\">https:\/\/ucopia.weblib-test.com\/<\/a> und <a href=\"https:\/\/smilein.io\/\">https:\/\/smilein.io\/<\/a> umfassen.<\/p>\n<p><u>\u00a0<\/u><\/p>\n<p>Diese umfassen alle Seiten und andere Websites, die \u00fcber diese Adressen zug\u00e4nglich sind, einschlie\u00dflich ihrer f\u00fcr die Navigation auf Mobiltelefonen und Tablets optimierten Versionen sowie der von WEBLIB herausgegebenen mobilen Anwendungen.<\/p>\n<p>&nbsp;<\/p>\n<h2>EDITOR<\/h2>\n<p>Die Websites werden von der Firma WEBLIB herausgegeben, einer vereinfachten Aktiengesellschaft mit einem Kapital von 217.100 Euro, die im Handels- und Gesellschaftsregister von Paris unter der Nummer 511 340 572 eingetragen ist und ihren Sitz in 10 RUE DE PENTHIEVRE, 75008 PARIS, FRANKREICH hat.<\/p>\n<p>&nbsp;<\/p>\n<p><strong>Kontakt-E-Mail-Adresse <\/strong>: <a href=\"mailto:contact@weblib.eu\">contact@weblib.eu<\/a><\/p>\n<p><strong>\u00a0<\/strong><\/p>\n<h2>PUBLIKATIONSLEITER<\/h2>\n<p>Der Direktor der Ver\u00f6ffentlichung ist Herr Arthur PHILBE in seiner Funktion als Generaldirektor.<\/p>\n<p>&nbsp;<\/p>\n<h2>HEBERGEMENT<\/h2>\n<p>Das Hosting der Ucopia-Website wird von der Firma AWS.<\/p>\n<h2>\u00c4NDERUNG VON ANGABEN<\/h2>\n<p>WEBLIB informiert die Nutzer, die die Ucopia-Website besuchen, dass die vorliegenden Hinweise jederzeit ge\u00e4ndert werden k\u00f6nnen. Diese \u00c4nderungen werden durch ihre Ver\u00f6ffentlichung online bekannt gegeben und gelten als vorbehaltlos von jedem Internetnutzer akzeptiert, der nach der Ver\u00f6ffentlichung auf die Website zugreift.<\/p>\n<p>&nbsp;<\/p>\n<p>Letzte Aktualisierung : September 2022[\/vc_column_text][\/vc_column][\/vc_row]\n","protected":false},"excerpt":{"rendered":"<p>[vc_row type=&#8220;in_container&#8220; full_screen_row_position=&#8220;middle&#8220; scene_position=&#8220;center&#8220; text_color=&#8220;dark&#8220; text_align=&#8220;left&#8220; top_padding=&#8220;4%&#8220; overlay_strength=&#8220;0.3&#8243; shape_divider_position=&#8220;bottom&#8220; bg_image_animation=&#8220;none&#8220; shape_type=&#8220;&#8220;][vc_column column_padding=&#8220;no-extra-padding&#8220; column_padding_position=&#8220;all&#8220; background_color_opacity=&#8220;1&#8243; background_hover_color_opacity=&#8220;1&#8243; column_link_target=&#8220;_self&#8220; column_shadow=&#8220;none&#8220; column_border_radius=&#8220;none&#8220; width=&#8220;1\/1&#8243; tablet_width_inherit=&#8220;default&#8220; tablet_text_alignment=&#8220;default&#8220; phone_text_alignment=&#8220;default&#8220; column_border_width=&#8220;none&#8220; column_border_style=&#8220;solid&#8220; bg_image_animation=&#8220;none&#8220;][vc_column_text] VORWORT Vorbehaltlich anderslautender Bestimmungen gelten&#8230;<\/p>\n","protected":false},"author":2,"featured_media":0,"parent":0,"menu_order":3,"comment_status":"closed","ping_status":"closed","template":"","meta":{"footnotes":""},"class_list":["post-20389","page","type-page","status-publish"],"yoast_head":"<!-- This site is optimized with the Yoast SEO Premium plugin v22.6 (Yoast SEO v23.4) - https:\/\/yoast.com\/wordpress\/plugins\/seo\/ -->\n<title>Rechtliche Hinweise UCOPIA der Weblib-Gruppe<\/title>\n<meta name=\"description\" content=\"Lesen Sie die rechtlichen Hinweise der Website UCOPIA.COM, die zur Weblib-Gruppe geh\u00f6rt.\" \/>\n<meta name=\"robots\" content=\"index, follow, max-snippet:-1, max-image-preview:large, max-video-preview:-1\" \/>\n<link rel=\"canonical\" href=\"https:\/\/ucopia.weblib-test.com\/de\/impressum-ucopia\/\" \/>\n<meta property=\"og:locale\" content=\"de_DE\" \/>\n<meta property=\"og:type\" content=\"article\" \/>\n<meta property=\"og:title\" content=\"Impressum UCOPIA\" \/>\n<meta property=\"og:description\" content=\"Lesen Sie die rechtlichen Hinweise der Website UCOPIA.COM, die zur Weblib-Gruppe geh\u00f6rt.\" \/>\n<meta property=\"og:url\" content=\"https:\/\/ucopia.weblib-test.com\/de\/impressum-ucopia\/\" \/>\n<meta property=\"og:site_name\" content=\"UCOPIA - Weblib group\" \/>\n<meta property=\"article:publisher\" content=\"https:\/\/www.facebook.com\/pages\/UCOPIA-Communications\/161858070496523\" \/>\n<meta property=\"article:modified_time\" content=\"2023-07-07T08:33:50+00:00\" \/>\n<meta name=\"twitter:card\" content=\"summary_large_image\" \/>\n<meta name=\"twitter:site\" content=\"@UcopiaCom\" \/>\n<meta name=\"twitter:label1\" content=\"Gesch\u00e4tzte Lesezeit\" \/>\n\t<meta name=\"twitter:data1\" content=\"1\u00a0Minute\" \/>\n<script type=\"application\/ld+json\" class=\"yoast-schema-graph\">{\"@context\":\"https:\/\/schema.org\",\"@graph\":[{\"@type\":\"WebPage\",\"@id\":\"https:\/\/ucopia.weblib-test.com\/de\/impressum-ucopia\/\",\"url\":\"https:\/\/ucopia.weblib-test.com\/de\/impressum-ucopia\/\",\"name\":\"Rechtliche Hinweise UCOPIA der Weblib-Gruppe\",\"isPartOf\":{\"@id\":\"https:\/\/ucopia.weblib-test.com\/#website\"},\"datePublished\":\"2019-06-18T07:34:03+00:00\",\"dateModified\":\"2023-07-07T08:33:50+00:00\",\"description\":\"Lesen Sie die rechtlichen Hinweise der Website UCOPIA.COM, die zur Weblib-Gruppe geh\u00f6rt.\",\"breadcrumb\":{\"@id\":\"https:\/\/ucopia.weblib-test.com\/de\/impressum-ucopia\/#breadcrumb\"},\"inLanguage\":\"de\",\"potentialAction\":[{\"@type\":\"ReadAction\",\"target\":[\"https:\/\/ucopia.weblib-test.com\/de\/impressum-ucopia\/\"]}]},{\"@type\":\"BreadcrumbList\",\"@id\":\"https:\/\/ucopia.weblib-test.com\/de\/impressum-ucopia\/#breadcrumb\",\"itemListElement\":[{\"@type\":\"ListItem\",\"position\":1,\"name\":\"Startseite\",\"item\":\"https:\/\/ucopia.weblib-test.com\/de\/startseite\/\"},{\"@type\":\"ListItem\",\"position\":2,\"name\":\"Impressum UCOPIA\"}]},{\"@type\":\"WebSite\",\"@id\":\"https:\/\/ucopia.weblib-test.com\/#website\",\"url\":\"https:\/\/ucopia.weblib-test.com\/\",\"name\":\"UCOPIA - Weblib group\",\"description\":\"Turn your wi-fi up!\",\"potentialAction\":[{\"@type\":\"SearchAction\",\"target\":{\"@type\":\"EntryPoint\",\"urlTemplate\":\"https:\/\/ucopia.weblib-test.com\/?s={search_term_string}\"},\"query-input\":{\"@type\":\"PropertyValueSpecification\",\"valueRequired\":true,\"valueName\":\"search_term_string\"}}],\"inLanguage\":\"de\"}]}<\/script>\n<!-- \/ Yoast SEO Premium plugin. -->","yoast_head_json":{"title":"Rechtliche Hinweise UCOPIA der Weblib-Gruppe","description":"Lesen Sie die rechtlichen Hinweise der Website UCOPIA.COM, die zur Weblib-Gruppe geh\u00f6rt.","robots":{"index":"index","follow":"follow","max-snippet":"max-snippet:-1","max-image-preview":"max-image-preview:large","max-video-preview":"max-video-preview:-1"},"canonical":"https:\/\/ucopia.weblib-test.com\/de\/impressum-ucopia\/","og_locale":"de_DE","og_type":"article","og_title":"Impressum UCOPIA","og_description":"Lesen Sie die rechtlichen Hinweise der Website UCOPIA.COM, die zur Weblib-Gruppe geh\u00f6rt.","og_url":"https:\/\/ucopia.weblib-test.com\/de\/impressum-ucopia\/","og_site_name":"UCOPIA - Weblib group","article_publisher":"https:\/\/www.facebook.com\/pages\/UCOPIA-Communications\/161858070496523","article_modified_time":"2023-07-07T08:33:50+00:00","twitter_card":"summary_large_image","twitter_site":"@UcopiaCom","twitter_misc":{"Gesch\u00e4tzte Lesezeit":"1\u00a0Minute"},"schema":{"@context":"https:\/\/schema.org","@graph":[{"@type":"WebPage","@id":"https:\/\/ucopia.weblib-test.com\/de\/impressum-ucopia\/","url":"https:\/\/ucopia.weblib-test.com\/de\/impressum-ucopia\/","name":"Rechtliche Hinweise UCOPIA der Weblib-Gruppe","isPartOf":{"@id":"https:\/\/ucopia.weblib-test.com\/#website"},"datePublished":"2019-06-18T07:34:03+00:00","dateModified":"2023-07-07T08:33:50+00:00","description":"Lesen Sie die rechtlichen Hinweise der Website UCOPIA.COM, die zur Weblib-Gruppe geh\u00f6rt.","breadcrumb":{"@id":"https:\/\/ucopia.weblib-test.com\/de\/impressum-ucopia\/#breadcrumb"},"inLanguage":"de","potentialAction":[{"@type":"ReadAction","target":["https:\/\/ucopia.weblib-test.com\/de\/impressum-ucopia\/"]}]},{"@type":"BreadcrumbList","@id":"https:\/\/ucopia.weblib-test.com\/de\/impressum-ucopia\/#breadcrumb","itemListElement":[{"@type":"ListItem","position":1,"name":"Startseite","item":"https:\/\/ucopia.weblib-test.com\/de\/startseite\/"},{"@type":"ListItem","position":2,"name":"Impressum UCOPIA"}]},{"@type":"WebSite","@id":"https:\/\/ucopia.weblib-test.com\/#website","url":"https:\/\/ucopia.weblib-test.com\/","name":"UCOPIA - Weblib group","description":"Turn your wi-fi up!","potentialAction":[{"@type":"SearchAction","target":{"@type":"EntryPoint","urlTemplate":"https:\/\/ucopia.weblib-test.com\/?s={search_term_string}"},"query-input":{"@type":"PropertyValueSpecification","valueRequired":true,"valueName":"search_term_string"}}],"inLanguage":"de"}]}},"_links":{"self":[{"href":"https:\/\/ucopia.weblib-test.com\/de\/wp-json\/wp\/v2\/pages\/20389"}],"collection":[{"href":"https:\/\/ucopia.weblib-test.com\/de\/wp-json\/wp\/v2\/pages"}],"about":[{"href":"https:\/\/ucopia.weblib-test.com\/de\/wp-json\/wp\/v2\/types\/page"}],"author":[{"embeddable":true,"href":"https:\/\/ucopia.weblib-test.com\/de\/wp-json\/wp\/v2\/users\/2"}],"replies":[{"embeddable":true,"href":"https:\/\/ucopia.weblib-test.com\/de\/wp-json\/wp\/v2\/comments?post=20389"}],"version-history":[{"count":5,"href":"https:\/\/ucopia.weblib-test.com\/de\/wp-json\/wp\/v2\/pages\/20389\/revisions"}],"predecessor-version":[{"id":23271,"href":"https:\/\/ucopia.weblib-test.com\/de\/wp-json\/wp\/v2\/pages\/20389\/revisions\/23271"}],"wp:attachment":[{"href":"https:\/\/ucopia.weblib-test.com\/de\/wp-json\/wp\/v2\/media?parent=20389"}],"curies":[{"name":"wp","href":"https:\/\/api.w.org\/{rel}","templated":true}]}}