{"id":20369,"date":"2019-06-18T07:33:51","date_gmt":"2019-06-18T07:33:51","guid":{"rendered":"https:\/\/ucopia.weblib-test.com\/geschichte\/"},"modified":"2023-10-19T08:41:21","modified_gmt":"2023-10-19T08:41:21","slug":"geschichte","status":"publish","type":"page","link":"https:\/\/ucopia.weblib-test.com\/de\/geschichte\/","title":{"rendered":"Geschichte Ucopia"},"content":{"rendered":"[vc_row type=&#8220;in_container&#8220; full_screen_row_position=&#8220;middle&#8220; scene_position=&#8220;center&#8220; text_color=&#8220;dark&#8220; text_align=&#8220;left&#8220; overlay_strength=&#8220;0.3&#8243; shape_divider_position=&#8220;bottom&#8220; bg_image_animation=&#8220;none&#8220;][vc_column column_padding=&#8220;no-extra-padding&#8220; column_padding_position=&#8220;all&#8220; background_color_opacity=&#8220;1&#8243; background_hover_color_opacity=&#8220;1&#8243; column_link_target=&#8220;_self&#8220; column_shadow=&#8220;none&#8220; column_border_radius=&#8220;none&#8220; width=&#8220;1\/1&#8243; tablet_width_inherit=&#8220;default&#8220; tablet_text_alignment=&#8220;default&#8220; phone_text_alignment=&#8220;default&#8220; column_border_width=&#8220;none&#8220; column_border_style=&#8220;solid&#8220; bg_image_animation=&#8220;none&#8220;][vc_column_text el_class=&#8220;fildariane&#8220;]<span><span><a href=\"https:\/\/ucopia.weblib-test.com\/de\/startseite\/\">Startseite<\/a><\/span><\/span>[\/vc_column_text][\/vc_column][\/vc_row][vc_row type=&#8220;in_container&#8220; full_screen_row_position=&#8220;middle&#8220; scene_position=&#8220;center&#8220; text_color=&#8220;dark&#8220; text_align=&#8220;left&#8220; top_padding=&#8220;50&#8243; bottom_padding=&#8220;50&#8243; overlay_strength=&#8220;0.3&#8243; shape_divider_position=&#8220;bottom&#8220; bg_image_animation=&#8220;none&#8220; shape_type=&#8220;&#8220;][vc_column column_padding=&#8220;padding-3-percent&#8220; column_padding_position=&#8220;left-right&#8220; background_color_opacity=&#8220;1&#8243; background_hover_color_opacity=&#8220;1&#8243; column_link_target=&#8220;_self&#8220; column_shadow=&#8220;none&#8220; column_border_radius=&#8220;none&#8220; width=&#8220;1\/1&#8243; tablet_width_inherit=&#8220;default&#8220; tablet_text_alignment=&#8220;default&#8220; phone_text_alignment=&#8220;default&#8220; column_border_width=&#8220;none&#8220; column_border_style=&#8220;solid&#8220; bg_image_animation=&#8220;none&#8220;][divider line_type=&#8220;No Line&#8220;][vc_column_text]\n<h2>Ucopia und seine Mission<\/h2>\n[\/vc_column_text][vc_column_text]Ucopia erm\u00f6glicht es allen Unternehmen, ihre WLAN-Infrastruktur zu monetarisieren. Wir verbinden Besucher, G\u00e4ste, Kunden und Zielgruppen aller WLAN-Netzwerke auf sichere Weise und erm\u00f6glichen es Unternehmen, Stadien und St\u00e4dten, mit ihren Benutzern zu kommunizieren.<\/p>\n<p>Wir erm\u00f6glichen die <strong>Verwaltung der Hotspots<\/strong>, vereinfachen die <strong>Implementierung der Dienste<\/strong> und die <strong>Erhebung von Nutzerdaten<\/strong>, <strong>die Analyse des Nutzungsverhaltens<\/strong> drahtloser Netzwerke und helfen unseren Kunden dabei, <strong>ihr WLAN zu monetisieren<\/strong> und <strong>ihre Kunden zu binden.<\/strong>[\/vc_column_text][vc_column_text]Ucopia erm\u00f6glicht es allen Organisationen, ihre Wifi-Infrastruktur zu monetarisieren. Wir verbinden Besucher, G\u00e4ste, Kunden und das Publikum jedes Wifi-Netzwerks auf sichere und gesch\u00fctzte Weise und erm\u00f6glichen es Unternehmen, Stadien, Krankenh\u00e4usern, St\u00e4dten, Flugh\u00e4fen&#8230; mit ihren Nutzern zu kommunizieren.<\/p>\n<p>Wir erm\u00f6glichen die Verwaltung von Hotspots, machen die Bereitstellung von Diensten und das Sammeln von Benutzerinformationen einfach, analysieren die Nutzung von WLANs und helfen unseren Kunden, ihr WLAN zu monetarisieren und das Engagement ihrer Kunden zu f\u00f6rdern.[\/vc_column_text][\/vc_column][\/vc_row][vc_row type=&#8220;in_container&#8220; full_screen_row_position=&#8220;middle&#8220; scene_position=&#8220;center&#8220; text_color=&#8220;dark&#8220; text_align=&#8220;left&#8220; bottom_padding=&#8220;50&#8243; overlay_strength=&#8220;0.3&#8243; shape_divider_position=&#8220;bottom&#8220; bg_image_animation=&#8220;none&#8220; shape_type=&#8220;&#8220;][vc_column column_padding=&#8220;padding-3-percent&#8220; column_padding_position=&#8220;left-right&#8220; background_color_opacity=&#8220;1&#8243; background_hover_color_opacity=&#8220;1&#8243; column_link_target=&#8220;_self&#8220; column_shadow=&#8220;none&#8220; column_border_radius=&#8220;none&#8220; width=&#8220;1\/1&#8243; tablet_width_inherit=&#8220;default&#8220; tablet_text_alignment=&#8220;default&#8220; phone_text_alignment=&#8220;default&#8220; column_border_width=&#8220;none&#8220; column_border_style=&#8220;solid&#8220; bg_image_animation=&#8220;none&#8220;][vc_column_text]\n<h2>Die Geschichte von Ucopia<\/h2>\n[\/vc_column_text][vc_column_text]Ucopia setzt neue Ma\u00dfst\u00e4be im Bereich der drahtlosen Konnektivit\u00e4t und ist ein Pionier in der Entwicklung von hochverf\u00fcgbaren und \u00e4u\u00dferst zuverl\u00e4ssigen Wi-Fi-L\u00f6sungen.<\/p>\n<p>Ucopia wurde <strong>2002<\/strong> von Vision\u00e4ren wie Didier Plateau gegr\u00fcndet und durch die Expertise von Gr\u00f6\u00dfen wie Guy Pujolle gest\u00e4rkt und hat die Messlatte f\u00fcr innovative Technologien kontinuierlich h\u00f6her gelegt.<\/p>\n<p>Als Vorreiter im Bereich der Wi-Fi-Konnektivit\u00e4t bietet Ucopia fortschrittliche L\u00f6sungen f\u00fcr sichere und optimale Verbindungen f\u00fcr eine Vielzahl von Organisationen, von Unternehmen \u00fcber Stadien und Krankenh\u00e4user bis hin zu St\u00e4dten und Flugh\u00e4fen. Die Dienstleistungen von Ucopia vereinen Benutzerfreundlichkeit und Leistung und erm\u00f6glichen nicht nur die optimale Verwaltung von Hotspots, sondern auch eine umfassende Informationssammlung und intelligente Analysen des Nutzerverhaltens.<\/p>\n<p>Der kometenhafte Aufstieg von Ucopia zeigt sich in seinem internationalen Einsatz.<\/p>\n<p>Nur wenige Jahre nach der Aufnahme des Gesch\u00e4ftsbetriebs im Jahr <strong>2004<\/strong> wurden weltweit mehr als 12.000 L\u00f6sungen implementiert, was Ucopia zum unangefochtenen Marktf\u00fchrer im Bereich Wi-Fi-Zugangsmanagement machte.<\/p>\n<p>In dem Bestreben, die Innovationskraft und das technologische Know-how von Ucopia zu integrieren, \u00fcbernahm die Weblib-Gruppe, ein f\u00fchrender Anbieter im Bereich der digitalen Transformation, das Unternehmen Ende <strong>2019<\/strong>. Diese strategische Partnerschaft resultierte in der Zusammenlegung von Ressourcen und Kompetenzen und festigte ihre f\u00fchrende Position mit mehr als 180.000 weltweit bereitgestellten Hotspots.<\/p>\n<p>Trotz der Fusion bleibt der Name Ucopia nicht nur als Produktmarke bestehen, sondern auch als Symbol f\u00fcr Exzellenz und Hochtechnologie innerhalb des L\u00f6sungsportfolios der Weblib-Gruppe. <strong>Diese Beibehaltung zeugt von Ucopias unbestrittenem Ruf und seiner internationalen Ausstrahlung und best\u00e4tigt seine urspr\u00fcngliche Mission, das maximale Potenzial von Wi-Fi-Netzwerken f\u00fcr Kunden auf der ganzen Welt freizusetzen.<\/strong>[\/vc_column_text][\/vc_column][\/vc_row][vc_row type=&#8220;in_container&#8220; full_screen_row_position=&#8220;middle&#8220; scene_position=&#8220;center&#8220; text_color=&#8220;dark&#8220; text_align=&#8220;left&#8220; overlay_strength=&#8220;0.3&#8243; shape_divider_position=&#8220;bottom&#8220; bg_image_animation=&#8220;none&#8220;][vc_column centered_text=&#8220;true&#8220; column_padding=&#8220;padding-3-percent&#8220; column_padding_position=&#8220;left-right&#8220; background_color_opacity=&#8220;1&#8243; background_hover_color_opacity=&#8220;1&#8243; column_link_target=&#8220;_self&#8220; column_shadow=&#8220;none&#8220; column_border_radius=&#8220;none&#8220; width=&#8220;1\/1&#8243; tablet_width_inherit=&#8220;default&#8220; tablet_text_alignment=&#8220;default&#8220; phone_text_alignment=&#8220;default&#8220; column_border_width=&#8220;none&#8220; column_border_style=&#8220;solid&#8220; bg_image_animation=&#8220;none&#8220;][vc_column_text]\n<h2 style=\"text-align: left;\">Die Weblib-Gruppe<\/h2>\n[\/vc_column_text][vc_column_text]\n<p style=\"text-align: left;\"><strong>Weblib wurde 2009 gegr\u00fcndet und ist mehr als nur ein Softwarehersteller: Es ist ein echtes Innovationslabor und ein f\u00fchrender Anbieter von Wi-Fi-Konnektivit\u00e4t und Mobile Device Management.<\/strong> Mit einer globalen Pr\u00e4senz in \u00fcber 80 L\u00e4ndern, die von Frankreich bis Deutschland, von Gro\u00dfbritannien bis zu den Vereinigten Arabischen Emiraten reicht, verk\u00f6rpert Weblib die Quintessenz der digitalen Transformation auf internationaler Ebene.<\/p>\n<p style=\"text-align: left;\">Die Mission von Weblib geht \u00fcber die blo\u00dfe Konnektivit\u00e4t hinaus. Das Unternehmen gestaltet die Zukunft der sicheren Kommunikation, indem es seine hochmodernen Technologien in einer Vielzahl von Umgebungen einsetzt, sei es im \u00f6ffentlichen oder im privaten Bereich. Ob in einer Unternehmenszentrale, einem internationalen Flughafen, einem Krankenhaus, einem Einkaufszentrum oder sogar einer Universit\u00e4t &#8211; Weblib ist das R\u00fcckgrat, das f\u00fcr nahtlose Konnektivit\u00e4t und effiziente Ger\u00e4te\u00fcberwachung sorgt.<\/p>\n<p style=\"text-align: left;\"><strong>Gest\u00fctzt auf ein weltweites Netzwerk von Partnern, Distributoren und Wiederverk\u00e4ufern bietet Weblib allen seinen Kunden eine erstklassige Betreuung, wo immer sie sich befinden.<\/strong> Im Laufe der Jahre hat Weblib sein strategisches Gesp\u00fcr durch vier gro\u00dfe \u00dcbernahmen unter Beweis gestellt, darunter Ucopia, ein f\u00fchrender Anbieter von Wi-Fi-Konnektivit\u00e4t, sowie AWADAC und Smilein, zwei Anbieter von mobilen Zahlungssystemen. Jede dieser \u00dcbernahmen hat nicht nur sein Portfolio erweitert, sondern auch seinen Status als unbestrittener Katalysator der digitalen Transformation gefestigt.<\/p>\n<p style=\"text-align: left;\">Das Geheimnis des Erfolgs von Weblib liegt in seinem unersch\u00fctterlichen Engagement f\u00fcr Innovation. Das Unternehmen reagiert nicht einfach nur auf Ver\u00e4nderungen in der Technologielandschaft; es antizipiert sie. Indem sie Innovation als ihr Kerngesch\u00e4ft betrachtet und ihre Mitarbeiter in den Mittelpunkt ihres Gesch\u00e4ftsmodells stellt, schmiedet Weblib st\u00e4ndig neue Pfade und setzt damit neue Standards f\u00fcr die gesamte Branche.<\/p>\n<p style=\"text-align: left;\"><strong>Die Ambition des Konzerns: ein weltweit f\u00fchrendes Unternehmen im Bereich der digitalen Transformation zu werden.<\/strong><\/p>\n[\/vc_column_text][image_with_animation image_url=&#8220;23358&#8243; alignment=&#8220;&#8220; animation=&#8220;Fade In&#8220; border_radius=&#8220;none&#8220; box_shadow=&#8220;none&#8220; max_width=&#8220;100%&#8220;][\/vc_column][\/vc_row][vc_row type=&#8220;in_container&#8220; full_screen_row_position=&#8220;middle&#8220; scene_position=&#8220;center&#8220; text_color=&#8220;dark&#8220; text_align=&#8220;left&#8220; bottom_padding=&#8220;2%&#8220; overlay_strength=&#8220;0.3&#8243; shape_divider_position=&#8220;bottom&#8220; bg_image_animation=&#8220;none&#8220; shape_type=&#8220;&#8220;][vc_column centered_text=&#8220;true&#8220; column_padding=&#8220;padding-5-percent&#8220; column_padding_position=&#8220;all&#8220; background_color_opacity=&#8220;1&#8243; background_hover_color_opacity=&#8220;1&#8243; column_link_target=&#8220;_self&#8220; column_shadow=&#8220;none&#8220; column_border_radius=&#8220;none&#8220; width=&#8220;1\/1&#8243; tablet_width_inherit=&#8220;default&#8220; tablet_text_alignment=&#8220;default&#8220; phone_text_alignment=&#8220;default&#8220; column_border_width=&#8220;none&#8220; column_border_style=&#8220;solid&#8220; bg_image_animation=&#8220;none&#8220;][nectar_btn size=&#8220;jumbo&#8220; open_new_tab=&#8220;true&#8220; button_style=&#8220;regular&#8220; button_color_2=&#8220;Extra-Color-1&#8243; icon_family=&#8220;none&#8220; url=&#8220;https:\/\/weblib.com\/de\/&#8220; text=&#8220;Die Website der weblib-Gruppe entdecken&#8220;][\/vc_column][\/vc_row]\n","protected":false},"excerpt":{"rendered":"<p>[vc_row type=&#8220;in_container&#8220; full_screen_row_position=&#8220;middle&#8220; scene_position=&#8220;center&#8220; text_color=&#8220;dark&#8220; text_align=&#8220;left&#8220; overlay_strength=&#8220;0.3&#8243; shape_divider_position=&#8220;bottom&#8220; bg_image_animation=&#8220;none&#8220;][vc_column column_padding=&#8220;no-extra-padding&#8220; column_padding_position=&#8220;all&#8220; background_color_opacity=&#8220;1&#8243; background_hover_color_opacity=&#8220;1&#8243; column_link_target=&#8220;_self&#8220; column_shadow=&#8220;none&#8220; column_border_radius=&#8220;none&#8220; width=&#8220;1\/1&#8243; tablet_width_inherit=&#8220;default&#8220; tablet_text_alignment=&#8220;default&#8220; phone_text_alignment=&#8220;default&#8220; column_border_width=&#8220;none&#8220; column_border_style=&#8220;solid&#8220; bg_image_animation=&#8220;none&#8220;][vc_column_text el_class=&#8220;fildariane&#8220;][\/vc_column_text][\/vc_column][\/vc_row][vc_row type=&#8220;in_container&#8220; full_screen_row_position=&#8220;middle&#8220; scene_position=&#8220;center&#8220; text_color=&#8220;dark&#8220; text_align=&#8220;left&#8220; top_padding=&#8220;50&#8243;&#8230;<\/p>\n","protected":false},"author":2,"featured_media":24598,"parent":0,"menu_order":9,"comment_status":"closed","ping_status":"closed","template":"","meta":{"footnotes":""},"class_list":["post-20369","page","type-page","status-publish","has-post-thumbnail"],"yoast_head":"<!-- This site is optimized with the Yoast SEO Premium plugin v22.6 (Yoast SEO v23.4) - https:\/\/yoast.com\/wordpress\/plugins\/seo\/ -->\n<title>Entdecken Sie die Geschichte des Unternehmens | Ucopia by Weblib<\/title>\n<meta name=\"description\" content=\"Erfahren Sie mehr \u00fcber die Geschichte, die Entwicklung und die Werte des franz\u00f6sischen Unternehmens Ucopia, das zur Weblib-Gruppe geh\u00f6rt und europ\u00e4ischer Marktf\u00fchrer f\u00fcr WLAN-Konnektivit\u00e4t ist.\" \/>\n<meta name=\"robots\" content=\"index, follow, max-snippet:-1, max-image-preview:large, max-video-preview:-1\" \/>\n<link rel=\"canonical\" href=\"https:\/\/ucopia.weblib-test.com\/de\/geschichte\/\" \/>\n<meta property=\"og:locale\" content=\"de_DE\" \/>\n<meta property=\"og:type\" content=\"article\" \/>\n<meta property=\"og:title\" content=\"Entdecken Sie die Geschichte des Unternehmens | Ucopia by Weblib\" \/>\n<meta property=\"og:description\" content=\"Erfahren Sie mehr \u00fcber die Geschichte, die Entwicklung und die Werte des franz\u00f6sischen Unternehmens Ucopia, das zur Weblib-Gruppe geh\u00f6rt und europ\u00e4ischer Marktf\u00fchrer f\u00fcr WLAN-Konnektivit\u00e4t ist.\" \/>\n<meta property=\"og:url\" content=\"https:\/\/ucopia.weblib-test.com\/de\/geschichte\/\" \/>\n<meta property=\"og:site_name\" content=\"UCOPIA - Weblib group\" \/>\n<meta property=\"article:publisher\" content=\"https:\/\/www.facebook.com\/pages\/UCOPIA-Communications\/161858070496523\" \/>\n<meta property=\"article:modified_time\" content=\"2023-10-19T08:41:21+00:00\" \/>\n<meta property=\"og:image\" content=\"https:\/\/ucopia.weblib-test.com\/wp-content\/uploads\/2023\/09\/background_programme-smilein-weblib.jpg\" \/>\n\t<meta property=\"og:image:width\" content=\"1894\" \/>\n\t<meta property=\"og:image:height\" content=\"702\" \/>\n\t<meta property=\"og:image:type\" content=\"image\/jpeg\" \/>\n<meta name=\"twitter:card\" content=\"summary_large_image\" \/>\n<meta name=\"twitter:title\" content=\"Entdecken Sie die Geschichte des Unternehmens | Ucopia by Weblib\" \/>\n<meta name=\"twitter:description\" content=\"Erfahren Sie mehr \u00fcber die Geschichte, die Entwicklung und die Werte des franz\u00f6sischen Unternehmens Ucopia, das zur Weblib-Gruppe geh\u00f6rt und europ\u00e4ischer Marktf\u00fchrer f\u00fcr WLAN-Konnektivit\u00e4t ist.\" \/>\n<meta name=\"twitter:site\" content=\"@UcopiaCom\" \/>\n<meta name=\"twitter:label1\" content=\"Gesch\u00e4tzte Lesezeit\" \/>\n\t<meta name=\"twitter:data1\" content=\"6\u00a0Minuten\" \/>\n<script type=\"application\/ld+json\" class=\"yoast-schema-graph\">{\"@context\":\"https:\/\/schema.org\",\"@graph\":[{\"@type\":\"WebPage\",\"@id\":\"https:\/\/ucopia.weblib-test.com\/de\/geschichte\/\",\"url\":\"https:\/\/ucopia.weblib-test.com\/de\/geschichte\/\",\"name\":\"Entdecken Sie die Geschichte des Unternehmens | Ucopia by Weblib\",\"isPartOf\":{\"@id\":\"https:\/\/ucopia.weblib-test.com\/#website\"},\"primaryImageOfPage\":{\"@id\":\"https:\/\/ucopia.weblib-test.com\/de\/geschichte\/#primaryimage\"},\"image\":{\"@id\":\"https:\/\/ucopia.weblib-test.com\/de\/geschichte\/#primaryimage\"},\"thumbnailUrl\":\"https:\/\/ucopia.weblib-test.com\/wp-content\/uploads\/2023\/09\/background_programme-smilein-weblib.jpg\",\"datePublished\":\"2019-06-18T07:33:51+00:00\",\"dateModified\":\"2023-10-19T08:41:21+00:00\",\"description\":\"Erfahren Sie mehr \u00fcber die Geschichte, die Entwicklung und die Werte des franz\u00f6sischen Unternehmens Ucopia, das zur Weblib-Gruppe geh\u00f6rt und europ\u00e4ischer Marktf\u00fchrer f\u00fcr WLAN-Konnektivit\u00e4t ist.\",\"breadcrumb\":{\"@id\":\"https:\/\/ucopia.weblib-test.com\/de\/geschichte\/#breadcrumb\"},\"inLanguage\":\"de\",\"potentialAction\":[{\"@type\":\"ReadAction\",\"target\":[\"https:\/\/ucopia.weblib-test.com\/de\/geschichte\/\"]}]},{\"@type\":\"ImageObject\",\"inLanguage\":\"de\",\"@id\":\"https:\/\/ucopia.weblib-test.com\/de\/geschichte\/#primaryimage\",\"url\":\"https:\/\/ucopia.weblib-test.com\/wp-content\/uploads\/2023\/09\/background_programme-smilein-weblib.jpg\",\"contentUrl\":\"https:\/\/ucopia.weblib-test.com\/wp-content\/uploads\/2023\/09\/background_programme-smilein-weblib.jpg\",\"width\":1894,\"height\":702,\"caption\":\"d\u00e9couvrez l'histoire d'ucopia by weblib qui propose des solutions de wifi\"},{\"@type\":\"BreadcrumbList\",\"@id\":\"https:\/\/ucopia.weblib-test.com\/de\/geschichte\/#breadcrumb\",\"itemListElement\":[{\"@type\":\"ListItem\",\"position\":1,\"name\":\"Startseite\",\"item\":\"https:\/\/ucopia.weblib-test.com\/de\/startseite\/\"},{\"@type\":\"ListItem\",\"position\":2,\"name\":\"Geschichte Ucopia\"}]},{\"@type\":\"WebSite\",\"@id\":\"https:\/\/ucopia.weblib-test.com\/#website\",\"url\":\"https:\/\/ucopia.weblib-test.com\/\",\"name\":\"UCOPIA - Weblib group\",\"description\":\"Turn your wi-fi up!\",\"potentialAction\":[{\"@type\":\"SearchAction\",\"target\":{\"@type\":\"EntryPoint\",\"urlTemplate\":\"https:\/\/ucopia.weblib-test.com\/?s={search_term_string}\"},\"query-input\":{\"@type\":\"PropertyValueSpecification\",\"valueRequired\":true,\"valueName\":\"search_term_string\"}}],\"inLanguage\":\"de\"}]}<\/script>\n<!-- \/ Yoast SEO Premium plugin. -->","yoast_head_json":{"title":"Entdecken Sie die Geschichte des Unternehmens | Ucopia by Weblib","description":"Erfahren Sie mehr \u00fcber die Geschichte, die Entwicklung und die Werte des franz\u00f6sischen Unternehmens Ucopia, das zur Weblib-Gruppe geh\u00f6rt und europ\u00e4ischer Marktf\u00fchrer f\u00fcr WLAN-Konnektivit\u00e4t ist.","robots":{"index":"index","follow":"follow","max-snippet":"max-snippet:-1","max-image-preview":"max-image-preview:large","max-video-preview":"max-video-preview:-1"},"canonical":"https:\/\/ucopia.weblib-test.com\/de\/geschichte\/","og_locale":"de_DE","og_type":"article","og_title":"Entdecken Sie die Geschichte des Unternehmens | Ucopia by Weblib","og_description":"Erfahren Sie mehr \u00fcber die Geschichte, die Entwicklung und die Werte des franz\u00f6sischen Unternehmens Ucopia, das zur Weblib-Gruppe geh\u00f6rt und europ\u00e4ischer Marktf\u00fchrer f\u00fcr WLAN-Konnektivit\u00e4t ist.","og_url":"https:\/\/ucopia.weblib-test.com\/de\/geschichte\/","og_site_name":"UCOPIA - Weblib group","article_publisher":"https:\/\/www.facebook.com\/pages\/UCOPIA-Communications\/161858070496523","article_modified_time":"2023-10-19T08:41:21+00:00","og_image":[{"width":1894,"height":702,"url":"https:\/\/ucopia.weblib-test.com\/wp-content\/uploads\/2023\/09\/background_programme-smilein-weblib.jpg","type":"image\/jpeg"}],"twitter_card":"summary_large_image","twitter_title":"Entdecken Sie die Geschichte des Unternehmens | Ucopia by Weblib","twitter_description":"Erfahren Sie mehr \u00fcber die Geschichte, die Entwicklung und die Werte des franz\u00f6sischen Unternehmens Ucopia, das zur Weblib-Gruppe geh\u00f6rt und europ\u00e4ischer Marktf\u00fchrer f\u00fcr WLAN-Konnektivit\u00e4t ist.","twitter_site":"@UcopiaCom","twitter_misc":{"Gesch\u00e4tzte Lesezeit":"6\u00a0Minuten"},"schema":{"@context":"https:\/\/schema.org","@graph":[{"@type":"WebPage","@id":"https:\/\/ucopia.weblib-test.com\/de\/geschichte\/","url":"https:\/\/ucopia.weblib-test.com\/de\/geschichte\/","name":"Entdecken Sie die Geschichte des Unternehmens | Ucopia by Weblib","isPartOf":{"@id":"https:\/\/ucopia.weblib-test.com\/#website"},"primaryImageOfPage":{"@id":"https:\/\/ucopia.weblib-test.com\/de\/geschichte\/#primaryimage"},"image":{"@id":"https:\/\/ucopia.weblib-test.com\/de\/geschichte\/#primaryimage"},"thumbnailUrl":"https:\/\/ucopia.weblib-test.com\/wp-content\/uploads\/2023\/09\/background_programme-smilein-weblib.jpg","datePublished":"2019-06-18T07:33:51+00:00","dateModified":"2023-10-19T08:41:21+00:00","description":"Erfahren Sie mehr \u00fcber die Geschichte, die Entwicklung und die Werte des franz\u00f6sischen Unternehmens Ucopia, das zur Weblib-Gruppe geh\u00f6rt und europ\u00e4ischer Marktf\u00fchrer f\u00fcr WLAN-Konnektivit\u00e4t ist.","breadcrumb":{"@id":"https:\/\/ucopia.weblib-test.com\/de\/geschichte\/#breadcrumb"},"inLanguage":"de","potentialAction":[{"@type":"ReadAction","target":["https:\/\/ucopia.weblib-test.com\/de\/geschichte\/"]}]},{"@type":"ImageObject","inLanguage":"de","@id":"https:\/\/ucopia.weblib-test.com\/de\/geschichte\/#primaryimage","url":"https:\/\/ucopia.weblib-test.com\/wp-content\/uploads\/2023\/09\/background_programme-smilein-weblib.jpg","contentUrl":"https:\/\/ucopia.weblib-test.com\/wp-content\/uploads\/2023\/09\/background_programme-smilein-weblib.jpg","width":1894,"height":702,"caption":"d\u00e9couvrez l'histoire d'ucopia by weblib qui propose des solutions de wifi"},{"@type":"BreadcrumbList","@id":"https:\/\/ucopia.weblib-test.com\/de\/geschichte\/#breadcrumb","itemListElement":[{"@type":"ListItem","position":1,"name":"Startseite","item":"https:\/\/ucopia.weblib-test.com\/de\/startseite\/"},{"@type":"ListItem","position":2,"name":"Geschichte Ucopia"}]},{"@type":"WebSite","@id":"https:\/\/ucopia.weblib-test.com\/#website","url":"https:\/\/ucopia.weblib-test.com\/","name":"UCOPIA - Weblib group","description":"Turn your wi-fi up!","potentialAction":[{"@type":"SearchAction","target":{"@type":"EntryPoint","urlTemplate":"https:\/\/ucopia.weblib-test.com\/?s={search_term_string}"},"query-input":{"@type":"PropertyValueSpecification","valueRequired":true,"valueName":"search_term_string"}}],"inLanguage":"de"}]}},"_links":{"self":[{"href":"https:\/\/ucopia.weblib-test.com\/de\/wp-json\/wp\/v2\/pages\/20369"}],"collection":[{"href":"https:\/\/ucopia.weblib-test.com\/de\/wp-json\/wp\/v2\/pages"}],"about":[{"href":"https:\/\/ucopia.weblib-test.com\/de\/wp-json\/wp\/v2\/types\/page"}],"author":[{"embeddable":true,"href":"https:\/\/ucopia.weblib-test.com\/de\/wp-json\/wp\/v2\/users\/2"}],"replies":[{"embeddable":true,"href":"https:\/\/ucopia.weblib-test.com\/de\/wp-json\/wp\/v2\/comments?post=20369"}],"version-history":[{"count":15,"href":"https:\/\/ucopia.weblib-test.com\/de\/wp-json\/wp\/v2\/pages\/20369\/revisions"}],"predecessor-version":[{"id":24905,"href":"https:\/\/ucopia.weblib-test.com\/de\/wp-json\/wp\/v2\/pages\/20369\/revisions\/24905"}],"wp:featuredmedia":[{"embeddable":true,"href":"https:\/\/ucopia.weblib-test.com\/de\/wp-json\/wp\/v2\/media\/24598"}],"wp:attachment":[{"href":"https:\/\/ucopia.weblib-test.com\/de\/wp-json\/wp\/v2\/media?parent=20369"}],"curies":[{"name":"wp","href":"https:\/\/api.w.org\/{rel}","templated":true}]}}